{"id":2665,"date":"2018-03-16T07:46:44","date_gmt":"2018-03-16T07:46:44","guid":{"rendered":"https:\/\/terrassen-vanhoof.be\/product\/2665\/"},"modified":"2018-08-31T18:58:48","modified_gmt":"2018-08-31T18:58:48","slug":"2665","status":"publish","type":"product","link":"https:\/\/www.terrassen-vanhoof.eu\/fr\/produit\/2665\/","title":{"rendered":"Transparanto Gent"},"content":{"rendered":"<ul>\n<li>Supports: Aluminium, thermolaqu\u00e9 au poudre<\/li>\n<li>Boulonnerie: INOX<\/li>\n<li>Vitrage: verre de s\u00e9curit\u00e9 tremp\u00e9, 12mm<\/li>\n<li>Autres hauteurs et longueurs \u00e0 la demande<\/li>\n<\/ul>\n","protected":false},"excerpt":{"rendered":"<p>Id\u00e9ale pour des brises vents basse ou pour une installation sur une murette.<\/p>\n<p>Ce mod\u00e8le peut prendre des d\u00e9nivel\u00e9s jusque 10 cm, et ce combine parfaitement avec nos clips de vitrage (demandez nos conseils).<\/p>\n","protected":false},"featured_media":2666,"comment_status":"open","ping_status":"closed","template":"","meta":{"_et_pb_use_builder":"","_et_pb_old_content":"","_et_gb_content_width":""},"product_brand":[],"product_cat":[297,168],"product_tag":[],"class_list":{"0":"post-2665","1":"product","2":"type-product","3":"status-publish","4":"has-post-thumbnail","6":"product_cat-transparantie-fr","7":"product_cat-paravent","9":"first","10":"instock","11":"taxable","12":"shipping-taxable","13":"purchasable","14":"product-type-simple"},"yoast_head":"<!-- This site is optimized with the Yoast SEO plugin v27.5 - https:\/\/yoast.com\/product\/yoast-seo-wordpress\/ -->\n<title>Transparant windscherm voor terrassen horeca en particulier<\/title>\n<meta name=\"description\" content=\"Dit volledig transparante windscherm is de ideale oplossing voor een terras in totale transparantie en dit zowel voor horeca als voor particulier?\" \/>\n<meta name=\"robots\" content=\"index, follow, max-snippet:-1, max-image-preview:large, max-video-preview:-1\" \/>\n<link rel=\"canonical\" href=\"https:\/\/www.terrassen-vanhoof.eu\/fr\/produit\/2665\/\" \/>\n<meta property=\"og:locale\" content=\"fr_FR\" \/>\n<meta property=\"og:type\" content=\"article\" \/>\n<meta property=\"og:title\" content=\"Transparant windscherm voor terrassen horeca en particulier\" \/>\n<meta property=\"og:description\" content=\"Dit volledig transparante windscherm is de ideale oplossing voor een terras in totale transparantie en dit zowel voor horeca als voor particulier?\" \/>\n<meta property=\"og:url\" content=\"https:\/\/www.terrassen-vanhoof.eu\/fr\/produit\/2665\/\" \/>\n<meta property=\"og:site_name\" content=\"Terrassen Van Hoof\" \/>\n<meta property=\"article:publisher\" content=\"https:\/\/www.facebook.com\/TERRASSENVANHOOFOPWIJK\/\" \/>\n<meta property=\"article:modified_time\" content=\"2018-08-31T18:58:48+00:00\" \/>\n<meta property=\"og:image\" content=\"https:\/\/www.terrassen-vanhoof.eu\/wp-content\/uploads\/2018\/03\/Transparanto-Gent.jpg\" \/>\n\t<meta property=\"og:image:width\" content=\"800\" \/>\n\t<meta property=\"og:image:height\" content=\"800\" \/>\n\t<meta property=\"og:image:type\" content=\"image\/jpeg\" \/>\n<meta name=\"twitter:card\" content=\"summary_large_image\" \/>\n<script type=\"application\/ld+json\" class=\"yoast-schema-graph\">{\"@context\":\"https:\\\/\\\/schema.org\",\"@graph\":[{\"@type\":\"WebPage\",\"@id\":\"https:\\\/\\\/www.terrassen-vanhoof.eu\\\/fr\\\/produit\\\/2665\\\/\",\"url\":\"https:\\\/\\\/www.terrassen-vanhoof.eu\\\/fr\\\/produit\\\/2665\\\/\",\"name\":\"Transparant windscherm voor terrassen horeca en particulier\",\"isPartOf\":{\"@id\":\"https:\\\/\\\/www.terrassen-vanhoof.eu\\\/#website\"},\"primaryImageOfPage\":{\"@id\":\"https:\\\/\\\/www.terrassen-vanhoof.eu\\\/fr\\\/produit\\\/2665\\\/#primaryimage\"},\"image\":{\"@id\":\"https:\\\/\\\/www.terrassen-vanhoof.eu\\\/fr\\\/produit\\\/2665\\\/#primaryimage\"},\"thumbnailUrl\":\"https:\\\/\\\/www.terrassen-vanhoof.eu\\\/wp-content\\\/uploads\\\/2018\\\/03\\\/Transparanto-Gent.jpg\",\"datePublished\":\"2018-03-16T07:46:44+00:00\",\"dateModified\":\"2018-08-31T18:58:48+00:00\",\"description\":\"Dit volledig transparante windscherm is de ideale oplossing voor een terras in totale transparantie en dit zowel voor horeca als voor particulier?\",\"breadcrumb\":{\"@id\":\"https:\\\/\\\/www.terrassen-vanhoof.eu\\\/fr\\\/produit\\\/2665\\\/#breadcrumb\"},\"inLanguage\":\"fr-FR\",\"potentialAction\":[{\"@type\":\"ReadAction\",\"target\":[\"https:\\\/\\\/www.terrassen-vanhoof.eu\\\/fr\\\/produit\\\/2665\\\/\"]}]},{\"@type\":\"ImageObject\",\"inLanguage\":\"fr-FR\",\"@id\":\"https:\\\/\\\/www.terrassen-vanhoof.eu\\\/fr\\\/produit\\\/2665\\\/#primaryimage\",\"url\":\"https:\\\/\\\/www.terrassen-vanhoof.eu\\\/wp-content\\\/uploads\\\/2018\\\/03\\\/Transparanto-Gent.jpg\",\"contentUrl\":\"https:\\\/\\\/www.terrassen-vanhoof.eu\\\/wp-content\\\/uploads\\\/2018\\\/03\\\/Transparanto-Gent.jpg\",\"width\":800,\"height\":800},{\"@type\":\"BreadcrumbList\",\"@id\":\"https:\\\/\\\/www.terrassen-vanhoof.eu\\\/fr\\\/produit\\\/2665\\\/#breadcrumb\",\"itemListElement\":[{\"@type\":\"ListItem\",\"position\":1,\"name\":\"Home\",\"item\":\"https:\\\/\\\/www.terrassen-vanhoof.eu\\\/fr\\\/\"},{\"@type\":\"ListItem\",\"position\":2,\"name\":\"Tous les produits\",\"item\":\"https:\\\/\\\/www.terrassen-vanhoof.eu\\\/fr\\\/tous-les-produits\\\/\"},{\"@type\":\"ListItem\",\"position\":3,\"name\":\"Transparanto Gent\"}]},{\"@type\":\"WebSite\",\"@id\":\"https:\\\/\\\/www.terrassen-vanhoof.eu\\\/#website\",\"url\":\"https:\\\/\\\/www.terrassen-vanhoof.eu\\\/\",\"name\":\"Terrassen Van Hoof\",\"description\":\"De windscherm , pergola en parasol professional voor uw terras.\",\"potentialAction\":[{\"@type\":\"SearchAction\",\"target\":{\"@type\":\"EntryPoint\",\"urlTemplate\":\"https:\\\/\\\/www.terrassen-vanhoof.eu\\\/?s={search_term_string}\"},\"query-input\":{\"@type\":\"PropertyValueSpecification\",\"valueRequired\":true,\"valueName\":\"search_term_string\"}}],\"inLanguage\":\"fr-FR\"}]}<\/script>\n<!-- \/ Yoast SEO plugin. -->","yoast_head_json":{"title":"Transparant windscherm voor terrassen horeca en particulier","description":"Dit volledig transparante windscherm is de ideale oplossing voor een terras in totale transparantie en dit zowel voor horeca als voor particulier?","robots":{"index":"index","follow":"follow","max-snippet":"max-snippet:-1","max-image-preview":"max-image-preview:large","max-video-preview":"max-video-preview:-1"},"canonical":"https:\/\/www.terrassen-vanhoof.eu\/fr\/produit\/2665\/","og_locale":"fr_FR","og_type":"article","og_title":"Transparant windscherm voor terrassen horeca en particulier","og_description":"Dit volledig transparante windscherm is de ideale oplossing voor een terras in totale transparantie en dit zowel voor horeca als voor particulier?","og_url":"https:\/\/www.terrassen-vanhoof.eu\/fr\/produit\/2665\/","og_site_name":"Terrassen Van Hoof","article_publisher":"https:\/\/www.facebook.com\/TERRASSENVANHOOFOPWIJK\/","article_modified_time":"2018-08-31T18:58:48+00:00","og_image":[{"width":800,"height":800,"url":"https:\/\/www.terrassen-vanhoof.eu\/wp-content\/uploads\/2018\/03\/Transparanto-Gent.jpg","type":"image\/jpeg"}],"twitter_card":"summary_large_image","schema":{"@context":"https:\/\/schema.org","@graph":[{"@type":"WebPage","@id":"https:\/\/www.terrassen-vanhoof.eu\/fr\/produit\/2665\/","url":"https:\/\/www.terrassen-vanhoof.eu\/fr\/produit\/2665\/","name":"Transparant windscherm voor terrassen horeca en particulier","isPartOf":{"@id":"https:\/\/www.terrassen-vanhoof.eu\/#website"},"primaryImageOfPage":{"@id":"https:\/\/www.terrassen-vanhoof.eu\/fr\/produit\/2665\/#primaryimage"},"image":{"@id":"https:\/\/www.terrassen-vanhoof.eu\/fr\/produit\/2665\/#primaryimage"},"thumbnailUrl":"https:\/\/www.terrassen-vanhoof.eu\/wp-content\/uploads\/2018\/03\/Transparanto-Gent.jpg","datePublished":"2018-03-16T07:46:44+00:00","dateModified":"2018-08-31T18:58:48+00:00","description":"Dit volledig transparante windscherm is de ideale oplossing voor een terras in totale transparantie en dit zowel voor horeca als voor particulier?","breadcrumb":{"@id":"https:\/\/www.terrassen-vanhoof.eu\/fr\/produit\/2665\/#breadcrumb"},"inLanguage":"fr-FR","potentialAction":[{"@type":"ReadAction","target":["https:\/\/www.terrassen-vanhoof.eu\/fr\/produit\/2665\/"]}]},{"@type":"ImageObject","inLanguage":"fr-FR","@id":"https:\/\/www.terrassen-vanhoof.eu\/fr\/produit\/2665\/#primaryimage","url":"https:\/\/www.terrassen-vanhoof.eu\/wp-content\/uploads\/2018\/03\/Transparanto-Gent.jpg","contentUrl":"https:\/\/www.terrassen-vanhoof.eu\/wp-content\/uploads\/2018\/03\/Transparanto-Gent.jpg","width":800,"height":800},{"@type":"BreadcrumbList","@id":"https:\/\/www.terrassen-vanhoof.eu\/fr\/produit\/2665\/#breadcrumb","itemListElement":[{"@type":"ListItem","position":1,"name":"Home","item":"https:\/\/www.terrassen-vanhoof.eu\/fr\/"},{"@type":"ListItem","position":2,"name":"Tous les produits","item":"https:\/\/www.terrassen-vanhoof.eu\/fr\/tous-les-produits\/"},{"@type":"ListItem","position":3,"name":"Transparanto Gent"}]},{"@type":"WebSite","@id":"https:\/\/www.terrassen-vanhoof.eu\/#website","url":"https:\/\/www.terrassen-vanhoof.eu\/","name":"Terrassen Van Hoof","description":"De windscherm , pergola en parasol professional voor uw terras.","potentialAction":[{"@type":"SearchAction","target":{"@type":"EntryPoint","urlTemplate":"https:\/\/www.terrassen-vanhoof.eu\/?s={search_term_string}"},"query-input":{"@type":"PropertyValueSpecification","valueRequired":true,"valueName":"search_term_string"}}],"inLanguage":"fr-FR"}]}},"_links":{"self":[{"href":"https:\/\/www.terrassen-vanhoof.eu\/fr\/wp-json\/wp\/v2\/product\/2665","targetHints":{"allow":["GET"]}}],"collection":[{"href":"https:\/\/www.terrassen-vanhoof.eu\/fr\/wp-json\/wp\/v2\/product"}],"about":[{"href":"https:\/\/www.terrassen-vanhoof.eu\/fr\/wp-json\/wp\/v2\/types\/product"}],"replies":[{"embeddable":true,"href":"https:\/\/www.terrassen-vanhoof.eu\/fr\/wp-json\/wp\/v2\/comments?post=2665"}],"wp:featuredmedia":[{"embeddable":true,"href":"https:\/\/www.terrassen-vanhoof.eu\/fr\/wp-json\/wp\/v2\/media\/2666"}],"wp:attachment":[{"href":"https:\/\/www.terrassen-vanhoof.eu\/fr\/wp-json\/wp\/v2\/media?parent=2665"}],"wp:term":[{"taxonomy":"product_brand","embeddable":true,"href":"https:\/\/www.terrassen-vanhoof.eu\/fr\/wp-json\/wp\/v2\/product_brand?post=2665"},{"taxonomy":"product_cat","embeddable":true,"href":"https:\/\/www.terrassen-vanhoof.eu\/fr\/wp-json\/wp\/v2\/product_cat?post=2665"},{"taxonomy":"product_tag","embeddable":true,"href":"https:\/\/www.terrassen-vanhoof.eu\/fr\/wp-json\/wp\/v2\/product_tag?post=2665"}],"curies":[{"name":"wp","href":"https:\/\/api.w.org\/{rel}","templated":true}]}}